{"id":234,"date":"2019-10-02T15:21:28","date_gmt":"2019-10-02T15:21:28","guid":{"rendered":"http:\/\/catclinic.ee\/?page_id=234"},"modified":"2025-06-11T11:18:32","modified_gmt":"2025-06-11T11:18:32","slug":"meie-meeskond-loomaarst","status":"publish","type":"page","link":"https:\/\/www.catclinic.ee\/ru\/cat-clinic-pealeht\/meie-meeskond-loomaarst\/","title":{"rendered":"\u041d\u0430\u0448\u0430 \u043a\u043e\u043c\u0430\u043d\u0434\u0430"},"content":{"rendered":"<style>\np {\ntext-align:justify !important;\n}\n.team-member img:hover {\nborder-color:transparent;\n}\n.team-member\n{\nmargin-bottom: 10px;\n}\n#employee {\nmargin-top: 50px;\n}\n<\/style>\n<a href=\"#olga\"><h4 id=\"olga\"><\/h4><\/a>\n<div class=\"team-member\">\n<img decoding=\"async\" src=\"http:\/\/catclinic.ee\/wp-content\/uploads\/2019\/09\/olgasmall.png\" class=\"img-responsive img-circle\" alt=\"Feature Image 1\">\n<h3>\u041e\u043b\u044c\u0433\u0430 \u0410\u043b\u044c\u0434\u0436\u0430\u043d\u043e\u0432\u0430-\u041a\u043e\u043d\u0434\u0438\u043d\u0430<\/h3>\n<h5 class=\"text-muted\">\u041a\u043e\u0448\u0430\u0447\u0438\u0439 \u0434\u043e\u043a\u0442\u043e\u0440<\/h5>\n<\/div>\n\n\n\n<p>Olen loomaarst alatest 2017 aastast. Aleksandriga olime kursusekaaslased ja oleme harjunud koos t\u00f6\u00f6tada aastast 2007. Tema ja meie abiline Anna on parim meeskond mida v\u00f5ib soovida. <\/p>\n\n\n\n<p>\u041f\u043e\u0441\u043b\u0435 \u043e\u043a\u043e\u043d\u0447\u0430\u043d\u0438\u044f \u0412\u0435\u0442\u0435\u0440\u0438\u043d\u0430\u0440\u043d\u043e\u0433\u043e \u0438\u043d\u0441\u0442\u0438\u0442\u0443\u0442\u0430 \u0440\u0430\u0431\u043e\u0442\u0430\u043b\u0430 \u043a\u043e\u0440\u043e\u0442\u043a\u0438\u0439 \u043f\u0435\u0440\u0438\u043e\u0434 \u0432 \u0440\u043e\u0434\u043d\u043e\u043c \u0433\u043e\u0440\u043e\u0434\u0435, \u043d\u043e \u043f\u043e\u0447\u0442\u0438 \u0441\u0440\u0430\u0437\u0443 \u0436\u0435 \u043f\u0435\u0440\u0435\u0435\u0445\u0430\u043b\u0430 \u0432 \u0422\u0430\u043b\u043b\u0438\u043d\u043d \u0438 \u043f\u0440\u0438\u0441\u0442\u0443\u043f\u0438\u043b\u0430 \u043a \u0440\u0430\u0431\u043e\u0442\u0435 \u0432 \u0432\u0435\u0442\u0435\u0440\u0438\u043d\u0430\u0440\u043d\u043e\u0439 \u043a\u043b\u0438\u043d\u0438\u043a\u0435 \u0425\u0430\u0430\u0431\u0435\u0440\u0441\u0442\u0438. <\/p>\n\n\n\n<p>\u0411\u043e\u043b\u044c\u0448\u0438\u043d\u0441\u0442\u0432\u043e \u043f\u0430\u0446\u0438\u0435\u043d\u0442\u043e\u0432 \u0431\u044b\u043b\u0438 \u0438\u043c\u0435\u043d\u043d\u043e \u043a\u043e\u0448\u043a\u0438, \u0438 \u0438\u043c\u0435\u043d\u043d\u043e \u0442\u043e\u0433\u0434\u0430 \u044f \u043f\u0440\u043e\u043d\u0438\u043a\u043b\u0430\u0441\u044c \u043a \u043d\u0438\u043c \u043b\u044e\u0431\u043e\u0432\u044c\u044e, \u0438 \u043e\u0433\u0440\u043e\u043c\u043d\u044b\u0439 \u0438\u043d\u0442\u0435\u0440\u0435\u0441 \u0432\u044b\u0437\u0432\u0430\u043b\u0430 \u0434\u0438\u0430\u0433\u043d\u043e\u0441\u0442\u0438\u043a\u0430 \u0432\u043d\u0443\u0442\u0440\u0435\u043d\u043d\u0438\u0445 \u0437\u0430\u0431\u043e\u043b\u0435\u0432\u0430\u043d\u0438\u0439. \u0414\u0440\u0443\u0437\u044c\u044f \u0432\u0441\u0435\u0433\u0434\u0430 \u0448\u0443\u0442\u0438\u043b\u0438, \u0447\u0442\u043e \u0440\u0430\u0431\u043e\u0442\u0430 - \u043c\u043e\u0439 \u0432\u0442\u043e\u0440\u043e\u0439 \u0434\u043e\u043c, \u043a\u043e\u0433\u0434\u0430 \u043e\u0447\u0435\u0440\u0435\u0434\u043d\u043e\u0439 \u0440\u0430\u0437 \u043f\u0440\u0438\u0445\u043e\u0434\u0438\u043b\u043e\u0441\u044c \u043d\u043e\u0447\u0435\u0432\u0430\u0442\u044c \u043d\u0430 \u043c\u0430\u0442\u0440\u0430\u0441\u0435 \u0440\u044f\u0434\u043e\u043c \u0441 \u043a\u043b\u0435\u0442\u043a\u043e\u0439 \u0442\u044f\u0436\u0435\u043b\u043e\u0431\u043e\u043b\u044c\u043d\u043e\u0433\u043e \u043f\u0430\u0446\u0438\u0435\u043d\u0442\u0430. <\/p>\n\n\n\n<p>Olen ennast t\u00e4iendanud kassimeditsiini spetsialiseeritud <a href=\"https:\/\/catvets.com\/\">koolitustel<\/a>.&nbsp; Viimased aastad tunnen rohkem huvi kasside ps\u00fchholoogia  ja heaolu vastu kliinikutes. Olen saanud ka vastava ISFM sertifikaati. <\/p>\n\n\n\n<p>\u041a\u043e\u0448\u0430\u0447\u0438\u0439 \u0430\u0434\u0432\u043e\u043a\u0430\u0442, \u0435\u0441\u043b\u0438 \u0442\u0430\u043a \u043c\u043e\u0436\u043d\u043e \u0441\u043a\u0430\u0437\u0430\u0442\u044c.<br><\/p>\n\n\n\n<h4 id=\"Liga\"><\/h4>\n<div id=\"employee\" class=\"team-member\">\n<a href=\"#liga\"><img decoding=\"async\" src=\"https:\/\/catclinic.ee\/wp-content\/uploads\/2023\/12\/no-person-profile-pic.jpg\" class=\"img-responsive img-circle\" alt=\"Feature Image 3\"><\/a>\n<h3>Liga Sharpio<\/h3>\n<h5 class=\"text-muted\">\u041a\u043e\u0448\u0430\u0447\u0438\u0439 \u0434\u043e\u043a\u0442\u043e\u0440<\/h5>\n<\/div>\n\n\n\n<p>\u0418\u043d\u0444\u043e\u0440\u043c\u0430\u0446\u0438\u044f \u0434\u043e\u043f\u043e\u043b\u043d\u044f\u0435\u0442\u0441\u044f<\/p>\n\n\n\n<h4 id=\"Tatjana\"><\/h4>\n<div id=\"employee\" class=\"team-member\">\n<a href=\"#tatjana\"><img decoding=\"async\" src=\"https:\/\/catclinic.ee\/wp-content\/uploads\/2023\/12\/no-person-profile-pic.jpg\" class=\"img-responsive img-circle\" alt=\"Feature Image 3\"><\/a>\n<h3>Tatjana Borissova<\/h3>\n<h5 class=\"text-muted\">\u041a\u043e\u0448\u0430\u0447\u0438\u0439 \u0434\u043e\u043a\u0442\u043e\u0440<\/h5>\n<\/div>\n\n\n\n<p>Lapsepuhkusel<\/p>\n\n\n\n<h4 id=\"anna\"><\/h4>\n<div id=\"employee\" class=\"team-member\">\n<a href=\"#anna\"><img decoding=\"async\" src=\"https:\/\/catclinic.ee\/wp-content\/uploads\/2023\/12\/no-person-profile-pic.jpg\" class=\"img-responsive img-circle\" alt=\"Feature Image 3\"><\/a>\n<h3>Anna Filippova<\/h3>\n<h5 class=\"text-muted\">\u041a\u043e\u0448\u0430\u0447\u0438\u0439 \u0434\u043e\u043a\u0442\u043e\u0440<\/h5>\n<\/div>\n\n\n\n<p>\u0418\u043d\u0444\u043e\u0440\u043c\u0430\u0446\u0438\u044f \u0434\u043e\u043f\u043e\u043b\u043d\u044f\u0435\u0442\u0441\u044f<\/p>\n\n\n\n<h4 id=\"ivetta\"><\/h4>\n<div id=\"employee\" class=\"team-member\">\n<a href=\"#ivetta\"><img decoding=\"async\" src=\"https:\/\/catclinic.ee\/wp-content\/uploads\/2023\/12\/no-person-profile-pic.jpg\" class=\"img-responsive img-circle\" alt=\"Feature Image 3\"><\/a>\n<h3>Ivetta Bit\u0161anina<\/h3>\n<h5 class=\"text-muted\">\u0417\u0430\u0432\u0435\u0434\u0443\u044e\u0449\u0430\u044f \u043a\u043b\u0438\u043d\u0438\u043a\u043e\u0439<\/h5>\n<\/div>\n\n\n\n<p>\u0418\u043d\u0444\u043e\u0440\u043c\u0430\u0446\u0438\u044f \u0434\u043e\u043f\u043e\u043b\u043d\u044f\u0435\u0442\u0441\u044f<\/p>\n\n\n\n<h4 id=\"karolina\"><\/h4>\n<div id=\"employee\" class=\"team-member\">\n<a href=\"#karolina\"><img decoding=\"async\" src=\"https:\/\/catclinic.ee\/wp-content\/uploads\/2023\/12\/no-person-profile-pic.jpg\" class=\"img-responsive img-circle\" alt=\"Feature Image 3\"><\/a>\n<h3>Karolina Mikhaylova<\/h3>\n<h5 class=\"text-muted\">\u0410\u0434\u043c\u0438\u043d\u0438\u0441\u0442\u0440\u0430\u0442\u043e\u0440<\/h5>\n<\/div>\n\n\n\n<p>\u0418\u043d\u0444\u043e\u0440\u043c\u0430\u0446\u0438\u044f \u0434\u043e\u043f\u043e\u043b\u043d\u044f\u0435\u0442\u0441\u044f<\/p>\n\n\n\n<h4 id=\"Krislin\"><\/h4>\n<div id=\"employee\" class=\"team-member\">\n<a href=\"#krislin\"><img decoding=\"async\" src=\"https:\/\/catclinic.ee\/wp-content\/uploads\/2023\/12\/no-person-profile-pic.jpg\" class=\"img-responsive img-circle\" alt=\"Feature Image 3\"><\/a>\n<h3>Krislin Kanarbik<\/h3>\n<h5 class=\"text-muted\">\u041f\u043e\u043c\u043e\u0449\u043d\u0438\u043a \u0434\u043e\u043a\u0442\u043e\u0440\u0430<\/h5>\n<\/div>\n\n\n\n<p>\u0418\u043d\u0444\u043e\u0440\u043c\u0430\u0446\u0438\u044f \u0434\u043e\u043f\u043e\u043b\u043d\u044f\u0435\u0442\u0441\u044f<\/p>\n\n\n\n<h4 id=\"Evgeniia\"><\/h4>\n<div id=\"employee\" class=\"team-member\">\n<a href=\"#evgeniia\"><img decoding=\"async\" src=\"https:\/\/catclinic.ee\/wp-content\/uploads\/2023\/12\/no-person-profile-pic.jpg\" class=\"img-responsive img-circle\" alt=\"Feature Image 3\"><\/a>\n<h3>Evgeniia Pushina<\/h3>\n<h5 class=\"text-muted\">\u041f\u043e\u043c\u043e\u0449\u043d\u0438\u043a \u0434\u043e\u043a\u0442\u043e\u0440\u0430<\/h5>\n<\/div>\n\n\n\n<p>\u0418\u043d\u0444\u043e\u0440\u043c\u0430\u0446\u0438\u044f \u0434\u043e\u043f\u043e\u043b\u043d\u044f\u0435\u0442\u0441\u044f<\/p>\n\n\n\n<h4 id=\"Anastassia\"><\/h4>\n<div id=\"employee\" class=\"team-member\">\n<a href=\"#anastassia\"><img decoding=\"async\" src=\"https:\/\/catclinic.ee\/wp-content\/uploads\/2023\/12\/no-person-profile-pic.jpg\" class=\"img-responsive img-circle\" alt=\"Feature Image 3\"><\/a>\n<h3>Anastassia Hmeljova<\/h3>\n<h5 class=\"text-muted\">\u041f\u043e\u043c\u043e\u0449\u043d\u0438\u043a \u0434\u043e\u043a\u0442\u043e\u0440\u0430<\/h5>\n<\/div>\n\n\n\n<p>\u0418\u043d\u0444\u043e\u0440\u043c\u0430\u0446\u0438\u044f \u0434\u043e\u043f\u043e\u043b\u043d\u044f\u0435\u0442\u0441\u044f<\/p>\n\n\n\n<p><a href=\"#evgeniia\"><\/a><\/p>","protected":false},"excerpt":{"rendered":"<p>Olga Ald\u017eanova-Kondina Kassiarst Olen loomaarst alatest 2017 aastast. Aleksandriga olime kursusekaaslased ja oleme harjunud koos t\u00f6\u00f6tada aastast 2007. Tema ja meie abiline Anna on parim meeskond mida v\u00f5ib soovida. Peale \u00fclikooli l\u00f5petamist tegin \u00fcldarstina t\u00f6\u00f6d oma kodulinnas aga varsti kolisin Tallinnasse ja asusin t\u00f6\u00f6le Haabersti loomakliinikusse. Meie p\u00f5hipatsienditeks on olnud kassid ja teenisin kiiresti usalduse [&hellip;]<\/p>\n","protected":false},"author":1,"featured_media":0,"parent":19,"menu_order":0,"comment_status":"closed","ping_status":"closed","template":"","meta":{"_monsterinsights_skip_tracking":false,"_monsterinsights_sitenote_active":false,"_monsterinsights_sitenote_note":"","_monsterinsights_sitenote_category":0,"footnotes":""},"class_list":["post-234","page","type-page","status-publish","hentry"],"yoast_head":"<!-- This site is optimized with the Yoast SEO plugin v27.0 - https:\/\/yoast.com\/product\/yoast-seo-wordpress\/ -->\n<title>Meie meeskond - Esimene veterinaariakliinik spetsiaalselt Kassidele.<\/title>\n<meta name=\"description\" content=\"Meil on v\u00e4ike, kuid tugev meeskond. Kassikliinik, koht kus t\u00f6\u00f6tab kaks oma ala spetsialisti. Loomaarst A.Dedulja ning loomaarst O. Ald\u017eanova-Kondina.\" \/>\n<meta name=\"robots\" content=\"index, follow, max-snippet:-1, max-image-preview:large, max-video-preview:-1\" \/>\n<link rel=\"canonical\" href=\"https:\/\/catclinic.ee\/cat-clinic-pealeht\/meie-meeskond-loomaarst\/\" \/>\n<meta property=\"og:locale\" content=\"ru_RU\" \/>\n<meta property=\"og:type\" content=\"article\" \/>\n<meta property=\"og:title\" content=\"Meie meeskond - Esimene veterinaariakliinik spetsiaalselt Kassidele.\" \/>\n<meta property=\"og:description\" content=\"Meil on v\u00e4ike, kuid tugev meeskond. Kassikliinik, koht kus t\u00f6\u00f6tab kaks oma ala spetsialisti. Loomaarst A.Dedulja ning loomaarst O. Ald\u017eanova-Kondina.\" \/>\n<meta property=\"og:url\" content=\"https:\/\/catclinic.ee\/cat-clinic-pealeht\/meie-meeskond-loomaarst\/\" \/>\n<meta property=\"og:site_name\" content=\"Loomakliinik Tallinnas\" \/>\n<meta property=\"article:modified_time\" content=\"2025-06-11T11:18:32+00:00\" \/>\n<meta property=\"og:image\" content=\"http:\/\/catclinic.ee\/wp-content\/uploads\/2019\/09\/olgasmall.png\" \/>\n<meta name=\"twitter:card\" content=\"summary_large_image\" \/>\n<meta name=\"twitter:label1\" content=\"\u041f\u0440\u0438\u043c\u0435\u0440\u043d\u043e\u0435 \u0432\u0440\u0435\u043c\u044f \u0434\u043b\u044f \u0447\u0442\u0435\u043d\u0438\u044f\" \/>\n\t<meta name=\"twitter:data1\" content=\"3 \u043c\u0438\u043d\u0443\u0442\u044b\" \/>\n<script type=\"application\/ld+json\" class=\"yoast-schema-graph\">{\"@context\":\"https:\/\/schema.org\",\"@graph\":[{\"@type\":\"WebPage\",\"@id\":\"https:\/\/catclinic.ee\/cat-clinic-pealeht\/meie-meeskond-loomaarst\/\",\"url\":\"https:\/\/catclinic.ee\/cat-clinic-pealeht\/meie-meeskond-loomaarst\/\",\"name\":\"Meie meeskond - Esimene veterinaariakliinik spetsiaalselt Kassidele.\",\"isPartOf\":{\"@id\":\"https:\/\/catclinic.ee\/#website\"},\"primaryImageOfPage\":{\"@id\":\"https:\/\/catclinic.ee\/cat-clinic-pealeht\/meie-meeskond-loomaarst\/#primaryimage\"},\"image\":{\"@id\":\"https:\/\/catclinic.ee\/cat-clinic-pealeht\/meie-meeskond-loomaarst\/#primaryimage\"},\"thumbnailUrl\":\"http:\/\/catclinic.ee\/wp-content\/uploads\/2019\/09\/olgasmall.png\",\"datePublished\":\"2019-10-02T15:21:28+00:00\",\"dateModified\":\"2025-06-11T11:18:32+00:00\",\"description\":\"Meil on v\u00e4ike, kuid tugev meeskond. Kassikliinik, koht kus t\u00f6\u00f6tab kaks oma ala spetsialisti. Loomaarst A.Dedulja ning loomaarst O. Ald\u017eanova-Kondina.\",\"breadcrumb\":{\"@id\":\"https:\/\/catclinic.ee\/cat-clinic-pealeht\/meie-meeskond-loomaarst\/#breadcrumb\"},\"inLanguage\":\"ru-RU\",\"potentialAction\":[{\"@type\":\"ReadAction\",\"target\":[\"https:\/\/catclinic.ee\/cat-clinic-pealeht\/meie-meeskond-loomaarst\/\"]}]},{\"@type\":\"ImageObject\",\"inLanguage\":\"ru-RU\",\"@id\":\"https:\/\/catclinic.ee\/cat-clinic-pealeht\/meie-meeskond-loomaarst\/#primaryimage\",\"url\":\"http:\/\/catclinic.ee\/wp-content\/uploads\/2019\/09\/olgasmall.png\",\"contentUrl\":\"http:\/\/catclinic.ee\/wp-content\/uploads\/2019\/09\/olgasmall.png\"},{\"@type\":\"BreadcrumbList\",\"@id\":\"https:\/\/catclinic.ee\/cat-clinic-pealeht\/meie-meeskond-loomaarst\/#breadcrumb\",\"itemListElement\":[{\"@type\":\"ListItem\",\"position\":1,\"name\":\"Home\",\"item\":\"https:\/\/catclinic.ee\/\"},{\"@type\":\"ListItem\",\"position\":2,\"name\":\"Pealeht\",\"item\":\"https:\/\/catclinic.ee\/\"},{\"@type\":\"ListItem\",\"position\":3,\"name\":\"Meie meeskond\"}]},{\"@type\":\"WebSite\",\"@id\":\"https:\/\/catclinic.ee\/#website\",\"url\":\"https:\/\/catclinic.ee\/\",\"name\":\"Loomakliinik Tallinnas\",\"description\":\"Kassikliinik\",\"potentialAction\":[{\"@type\":\"SearchAction\",\"target\":{\"@type\":\"EntryPoint\",\"urlTemplate\":\"https:\/\/catclinic.ee\/?s={search_term_string}\"},\"query-input\":{\"@type\":\"PropertyValueSpecification\",\"valueRequired\":true,\"valueName\":\"search_term_string\"}}],\"inLanguage\":\"ru-RU\"}]}<\/script>\n<!-- \/ Yoast SEO plugin. -->","yoast_head_json":{"title":"Meie meeskond - Esimene veterinaariakliinik spetsiaalselt Kassidele.","description":"Meil on v\u00e4ike, kuid tugev meeskond. Kassikliinik, koht kus t\u00f6\u00f6tab kaks oma ala spetsialisti. Loomaarst A.Dedulja ning loomaarst O. Ald\u017eanova-Kondina.","robots":{"index":"index","follow":"follow","max-snippet":"max-snippet:-1","max-image-preview":"max-image-preview:large","max-video-preview":"max-video-preview:-1"},"canonical":"https:\/\/catclinic.ee\/cat-clinic-pealeht\/meie-meeskond-loomaarst\/","og_locale":"ru_RU","og_type":"article","og_title":"Meie meeskond - Esimene veterinaariakliinik spetsiaalselt Kassidele.","og_description":"Meil on v\u00e4ike, kuid tugev meeskond. Kassikliinik, koht kus t\u00f6\u00f6tab kaks oma ala spetsialisti. Loomaarst A.Dedulja ning loomaarst O. Ald\u017eanova-Kondina.","og_url":"https:\/\/catclinic.ee\/cat-clinic-pealeht\/meie-meeskond-loomaarst\/","og_site_name":"Loomakliinik Tallinnas","article_modified_time":"2025-06-11T11:18:32+00:00","og_image":[{"url":"http:\/\/catclinic.ee\/wp-content\/uploads\/2019\/09\/olgasmall.png","type":"","width":"","height":""}],"twitter_card":"summary_large_image","twitter_misc":{"\u041f\u0440\u0438\u043c\u0435\u0440\u043d\u043e\u0435 \u0432\u0440\u0435\u043c\u044f \u0434\u043b\u044f \u0447\u0442\u0435\u043d\u0438\u044f":"3 \u043c\u0438\u043d\u0443\u0442\u044b"},"schema":{"@context":"https:\/\/schema.org","@graph":[{"@type":"WebPage","@id":"https:\/\/catclinic.ee\/cat-clinic-pealeht\/meie-meeskond-loomaarst\/","url":"https:\/\/catclinic.ee\/cat-clinic-pealeht\/meie-meeskond-loomaarst\/","name":"Meie meeskond - Esimene veterinaariakliinik spetsiaalselt Kassidele.","isPartOf":{"@id":"https:\/\/catclinic.ee\/#website"},"primaryImageOfPage":{"@id":"https:\/\/catclinic.ee\/cat-clinic-pealeht\/meie-meeskond-loomaarst\/#primaryimage"},"image":{"@id":"https:\/\/catclinic.ee\/cat-clinic-pealeht\/meie-meeskond-loomaarst\/#primaryimage"},"thumbnailUrl":"http:\/\/catclinic.ee\/wp-content\/uploads\/2019\/09\/olgasmall.png","datePublished":"2019-10-02T15:21:28+00:00","dateModified":"2025-06-11T11:18:32+00:00","description":"Meil on v\u00e4ike, kuid tugev meeskond. Kassikliinik, koht kus t\u00f6\u00f6tab kaks oma ala spetsialisti. Loomaarst A.Dedulja ning loomaarst O. Ald\u017eanova-Kondina.","breadcrumb":{"@id":"https:\/\/catclinic.ee\/cat-clinic-pealeht\/meie-meeskond-loomaarst\/#breadcrumb"},"inLanguage":"ru-RU","potentialAction":[{"@type":"ReadAction","target":["https:\/\/catclinic.ee\/cat-clinic-pealeht\/meie-meeskond-loomaarst\/"]}]},{"@type":"ImageObject","inLanguage":"ru-RU","@id":"https:\/\/catclinic.ee\/cat-clinic-pealeht\/meie-meeskond-loomaarst\/#primaryimage","url":"http:\/\/catclinic.ee\/wp-content\/uploads\/2019\/09\/olgasmall.png","contentUrl":"http:\/\/catclinic.ee\/wp-content\/uploads\/2019\/09\/olgasmall.png"},{"@type":"BreadcrumbList","@id":"https:\/\/catclinic.ee\/cat-clinic-pealeht\/meie-meeskond-loomaarst\/#breadcrumb","itemListElement":[{"@type":"ListItem","position":1,"name":"Home","item":"https:\/\/catclinic.ee\/"},{"@type":"ListItem","position":2,"name":"Pealeht","item":"https:\/\/catclinic.ee\/"},{"@type":"ListItem","position":3,"name":"Meie meeskond"}]},{"@type":"WebSite","@id":"https:\/\/catclinic.ee\/#website","url":"https:\/\/catclinic.ee\/","name":"Loomakliinik Tallinnas","description":"Kassikliinik","potentialAction":[{"@type":"SearchAction","target":{"@type":"EntryPoint","urlTemplate":"https:\/\/catclinic.ee\/?s={search_term_string}"},"query-input":{"@type":"PropertyValueSpecification","valueRequired":true,"valueName":"search_term_string"}}],"inLanguage":"ru-RU"}]}},"jetpack_sharing_enabled":true,"_links":{"self":[{"href":"https:\/\/www.catclinic.ee\/ru\/wp-json\/wp\/v2\/pages\/234","targetHints":{"allow":["GET"]}}],"collection":[{"href":"https:\/\/www.catclinic.ee\/ru\/wp-json\/wp\/v2\/pages"}],"about":[{"href":"https:\/\/www.catclinic.ee\/ru\/wp-json\/wp\/v2\/types\/page"}],"author":[{"embeddable":true,"href":"https:\/\/www.catclinic.ee\/ru\/wp-json\/wp\/v2\/users\/1"}],"replies":[{"embeddable":true,"href":"https:\/\/www.catclinic.ee\/ru\/wp-json\/wp\/v2\/comments?post=234"}],"version-history":[{"count":5,"href":"https:\/\/www.catclinic.ee\/ru\/wp-json\/wp\/v2\/pages\/234\/revisions"}],"predecessor-version":[{"id":531,"href":"https:\/\/www.catclinic.ee\/ru\/wp-json\/wp\/v2\/pages\/234\/revisions\/531"}],"up":[{"embeddable":true,"href":"https:\/\/www.catclinic.ee\/ru\/wp-json\/wp\/v2\/pages\/19"}],"wp:attachment":[{"href":"https:\/\/www.catclinic.ee\/ru\/wp-json\/wp\/v2\/media?parent=234"}],"curies":[{"name":"wp","href":"https:\/\/api.w.org\/{rel}","templated":true}]}}