{"id":2,"date":"2019-09-29T12:18:31","date_gmt":"2019-09-29T12:18:31","guid":{"rendered":"http:\/\/catclinic.ee\/?page_id=2"},"modified":"2019-12-02T14:14:13","modified_gmt":"2019-12-02T14:14:13","slug":"kliinik","status":"publish","type":"page","link":"https:\/\/www.catclinic.ee\/ru\/cat-clinic-pealeht\/kliinik\/","title":{"rendered":"\u041e \u043a\u043b\u0438\u043d\u0438\u043a\u0435"},"content":{"rendered":"<div class=\"wp-block-image\"><figure class=\"aligncenter is-resized\"><img loading=\"lazy\" decoding=\"async\" src=\"http:\/\/catclinic.ee\/wp-content\/uploads\/2019\/10\/1.jpg\" alt=\"\" class=\"wp-image-219\" width=\"594\" height=\"450\" srcset=\"https:\/\/www.catclinic.ee\/wp-content\/uploads\/2019\/10\/1.jpg 934w, https:\/\/www.catclinic.ee\/wp-content\/uploads\/2019\/10\/1-300x227.jpg 300w, https:\/\/www.catclinic.ee\/wp-content\/uploads\/2019\/10\/1-768x581.jpg 768w\" sizes=\"auto, (max-width: 594px) 100vw, 594px\" \/><\/figure><\/div>\n\n\n\n<p>Cat Clinic ehk <strong>kassikliinik<\/strong> on esimene, ainult kassidele p\u00fchendunud, veterinaariakliinik Eestis. Kliiniku asutajad on kaks oma ala spetsialisti &#8211; kassiarstid <strong>DVM Aleksandr Dedjulja<\/strong> ja <strong>DVM Olga Ald\u017eanova-Kondina<\/strong>.<\/p>\n\n\n\n<p>\u041c\u044b - \u043d\u0430\u0441\u0442\u043e\u044f\u0449\u0438\u0435 \u043b\u044e\u0431\u0438\u0442\u0435\u043b\u0438 \u043a\u043e\u0442\u043e\u0432 \u0438 \u043a\u043e\u0448\u0435\u043a, \u043d\u0430\u0448\u0430 \u0446\u0435\u043b\u044c - \u043f\u0440\u0435\u0434\u043e\u0441\u0442\u0430\u0432\u0438\u0442\u044c \u0432\u0435\u0442\u0435\u0440\u0438\u043d\u0430\u0440\u043d\u044b\u0435 \u0443\u0441\u043b\u0443\u0433\u0438 \u0434\u043b\u044f \u0441\u0432\u043e\u0438\u0445 \u043f\u0443\u0448\u0438\u0441\u0442\u044b\u0445 \u043f\u0430\u0446\u0438\u0435\u043d\u0442\u043e\u0432 \u043d\u0430 \u0432\u044b\u0441\u0448\u0435\u043c \u0443\u0440\u043e\u0432\u043d\u0435. \u041d\u0430\u0448\u0430 \u043a\u043e\u043c\u0430\u043d\u0434\u0430 \u043e\u0442\u043d\u043e\u0441\u0438\u0442\u0441\u044f \u043a \u043f\u0430\u0446\u0438\u0435\u043d\u0442\u0430\u043c \u043a\u0430\u043a \u043a \u0441\u0432\u043e\u0438\u043c \u043b\u044e\u0431\u0438\u043c\u0446\u0430\u043c \u2013 \u0441 \u043b\u044e\u0431\u043e\u0432\u044c\u044e \u0438 \u0437\u0430\u0431\u043e\u0442\u043e\u0439!\n\u041a\u043e\u043d\u0435\u0447\u043d\u043e, \u043c\u044b \u043b\u044e\u0431\u0438\u043c \u0432\u0441\u0435\u0445 \u0436\u0438\u0432\u043e\u0442\u043d\u044b\u0445, \u043d\u043e \u0432 \u043d\u0430\u0448\u0435\u0439 \u043a\u043b\u0438\u043d\u0438\u043a\u0435 \u0444\u043e\u043a\u0443\u0441 \u0442\u043e\u043b\u044c\u043a\u043e \u043d\u0430 \u043a\u043e\u0448\u0430\u0447\u044c\u0438\u0445.<\/p>\n\n\n\n<p>\u041a\u043e\u0448\u043a\u0438 \u0438 \u043a\u043e\u0442\u044b \u043d\u0435 \u0432 \u0431\u043e\u043b\u044c\u0448\u043e\u043c \u0432\u043e\u0441\u0442\u043e\u0440\u0433\u0435 \u043e\u0442 \u0441\u043e\u0431\u0430\u043a, \u043f\u043e\u044d\u0442\u043e\u043c\u0443 \u0432 \u0437\u0430\u043b\u0435 \u043e\u0436\u0438\u0434\u0430\u043d\u0438\u044f \u0443 \u043d\u0430\u0441 \u0441\u043f\u043e\u043a\u043e\u0439\u043d\u0430\u044f \u0430\u0442\u043c\u043e\u0441\u0444\u0435\u0440\u0430, \u043e\u0442\u0441\u0443\u0442\u0441\u0442\u0432\u0438\u0435 \u0440\u044b\u0447\u0430\u043d\u0438\u044f \u0438 \u043b\u0430\u044f. \u041f\u0440\u043e\u0441\u0442\u0438\u0442\u0435 \u0441\u043e\u0431\u0430\u0447\u043a\u0438, \u043d\u043e \u043a\u043e\u0442\u0438\u043a\u0438 \u0445\u043e\u0442\u044f\u0442 \u043d\u0430\u0448\u0443 \u043a\u043b\u0438\u043d\u0438\u043a\u0443 \u0442\u043e\u043b\u044c\u043a\u043e \u0441\u0435\u0431\u0435! :)<\/p>\n\n\n\n<p>Teeme k\u00f5ik, et tagada Teie lemmikute heaolu meie kliinikus. <strong>Oleme varustatud k\u00f5igega, alates parimatest toitudest ja l\u00f5petades spetsiaalselt kassidele m\u00f5eldud protseduuriruumide ja seadmetega.<\/strong> Teostame kohapeal tavalisi tervisekontrolle, kui ka keerulisi operatsioone.<\/p>","protected":false},"excerpt":{"rendered":"<p>Cat Clinic ehk kassikliinik on esimene, ainult kassidele p\u00fchendunud, veterinaariakliinik Eestis. Kliiniku asutajad on kaks oma ala spetsialisti &#8211; kassiarstid DVM Aleksandr Dedjulja ja DVM Olga Ald\u017eanova-Kondina. Oleme t\u00f5elised kassis\u00f5brad ja meie eesm\u00e4rgiks on pakkuda k\u00f5rgekvaliteedilist veterinaarravi, koos s\u00f5braliku, kaastundliku hoolitsusega. Meie meeskond kohtleb k\u00f5iki patsiente nagu nad oleks meie enda kassid \u2013 armastuse ja [&hellip;]<\/p>\n","protected":false},"author":1,"featured_media":0,"parent":19,"menu_order":0,"comment_status":"closed","ping_status":"open","template":"","meta":{"_monsterinsights_skip_tracking":false,"_monsterinsights_sitenote_active":false,"_monsterinsights_sitenote_note":"","_monsterinsights_sitenote_category":0,"footnotes":""},"class_list":["post-2","page","type-page","status-publish","hentry"],"yoast_head":"<!-- This site is optimized with the Yoast SEO plugin v27.0 - https:\/\/yoast.com\/product\/yoast-seo-wordpress\/ -->\n<title>Kliinik &#8211; Esimene ainult Kassidele spetsialiseeruv veterinaariakliinik Eestis<\/title>\n<meta name=\"description\" content=\"Teeme k\u00f5ik, et tagada Teie lemmikute heaolu. Meil on tipp klassi protseduuriruumid ja tehnika. Teostame tervisekontrolle ja keerulisi operatsioone.\" \/>\n<meta name=\"robots\" content=\"index, follow, max-snippet:-1, max-image-preview:large, max-video-preview:-1\" \/>\n<link rel=\"canonical\" href=\"https:\/\/catclinic.ee\/cat-clinic-pealeht\/kliinik\/\" \/>\n<meta property=\"og:locale\" content=\"ru_RU\" \/>\n<meta property=\"og:type\" content=\"article\" \/>\n<meta property=\"og:title\" content=\"Kliinik &#8211; Esimene ainult Kassidele spetsialiseeruv veterinaariakliinik Eestis\" \/>\n<meta property=\"og:description\" content=\"Teeme k\u00f5ik, et tagada Teie lemmikute heaolu. Meil on tipp klassi protseduuriruumid ja tehnika. Teostame tervisekontrolle ja keerulisi operatsioone.\" \/>\n<meta property=\"og:url\" content=\"https:\/\/catclinic.ee\/cat-clinic-pealeht\/kliinik\/\" \/>\n<meta property=\"og:site_name\" content=\"Loomakliinik Tallinnas\" \/>\n<meta property=\"article:modified_time\" content=\"2019-12-02T14:14:13+00:00\" \/>\n<meta property=\"og:image\" content=\"http:\/\/catclinic.ee\/wp-content\/uploads\/2019\/10\/1.jpg\" \/>\n<meta name=\"twitter:card\" content=\"summary_large_image\" \/>\n<meta name=\"twitter:label1\" content=\"\u041f\u0440\u0438\u043c\u0435\u0440\u043d\u043e\u0435 \u0432\u0440\u0435\u043c\u044f \u0434\u043b\u044f \u0447\u0442\u0435\u043d\u0438\u044f\" \/>\n\t<meta name=\"twitter:data1\" content=\"1 \u043c\u0438\u043d\u0443\u0442\u0430\" \/>\n<script type=\"application\/ld+json\" class=\"yoast-schema-graph\">{\"@context\":\"https:\/\/schema.org\",\"@graph\":[{\"@type\":\"WebPage\",\"@id\":\"https:\/\/catclinic.ee\/cat-clinic-pealeht\/kliinik\/\",\"url\":\"https:\/\/catclinic.ee\/cat-clinic-pealeht\/kliinik\/\",\"name\":\"Kliinik &#8211; Esimene ainult Kassidele spetsialiseeruv veterinaariakliinik Eestis\",\"isPartOf\":{\"@id\":\"https:\/\/catclinic.ee\/#website\"},\"primaryImageOfPage\":{\"@id\":\"https:\/\/catclinic.ee\/cat-clinic-pealeht\/kliinik\/#primaryimage\"},\"image\":{\"@id\":\"https:\/\/catclinic.ee\/cat-clinic-pealeht\/kliinik\/#primaryimage\"},\"thumbnailUrl\":\"http:\/\/catclinic.ee\/wp-content\/uploads\/2019\/10\/1.jpg\",\"datePublished\":\"2019-09-29T12:18:31+00:00\",\"dateModified\":\"2019-12-02T14:14:13+00:00\",\"description\":\"Teeme k\u00f5ik, et tagada Teie lemmikute heaolu. Meil on tipp klassi protseduuriruumid ja tehnika. Teostame tervisekontrolle ja keerulisi operatsioone.\",\"breadcrumb\":{\"@id\":\"https:\/\/catclinic.ee\/cat-clinic-pealeht\/kliinik\/#breadcrumb\"},\"inLanguage\":\"ru-RU\",\"potentialAction\":[{\"@type\":\"ReadAction\",\"target\":[\"https:\/\/catclinic.ee\/cat-clinic-pealeht\/kliinik\/\"]}]},{\"@type\":\"ImageObject\",\"inLanguage\":\"ru-RU\",\"@id\":\"https:\/\/catclinic.ee\/cat-clinic-pealeht\/kliinik\/#primaryimage\",\"url\":\"http:\/\/catclinic.ee\/wp-content\/uploads\/2019\/10\/1.jpg\",\"contentUrl\":\"http:\/\/catclinic.ee\/wp-content\/uploads\/2019\/10\/1.jpg\"},{\"@type\":\"BreadcrumbList\",\"@id\":\"https:\/\/catclinic.ee\/cat-clinic-pealeht\/kliinik\/#breadcrumb\",\"itemListElement\":[{\"@type\":\"ListItem\",\"position\":1,\"name\":\"Home\",\"item\":\"https:\/\/catclinic.ee\/\"},{\"@type\":\"ListItem\",\"position\":2,\"name\":\"Pealeht\",\"item\":\"https:\/\/catclinic.ee\/\"},{\"@type\":\"ListItem\",\"position\":3,\"name\":\"Kliinikust\"}]},{\"@type\":\"WebSite\",\"@id\":\"https:\/\/catclinic.ee\/#website\",\"url\":\"https:\/\/catclinic.ee\/\",\"name\":\"Loomakliinik Tallinnas\",\"description\":\"Kassikliinik\",\"potentialAction\":[{\"@type\":\"SearchAction\",\"target\":{\"@type\":\"EntryPoint\",\"urlTemplate\":\"https:\/\/catclinic.ee\/?s={search_term_string}\"},\"query-input\":{\"@type\":\"PropertyValueSpecification\",\"valueRequired\":true,\"valueName\":\"search_term_string\"}}],\"inLanguage\":\"ru-RU\"}]}<\/script>\n<!-- \/ Yoast SEO plugin. -->","yoast_head_json":{"title":"Kliinik &#8211; Esimene ainult Kassidele spetsialiseeruv veterinaariakliinik Eestis","description":"Teeme k\u00f5ik, et tagada Teie lemmikute heaolu. Meil on tipp klassi protseduuriruumid ja tehnika. Teostame tervisekontrolle ja keerulisi operatsioone.","robots":{"index":"index","follow":"follow","max-snippet":"max-snippet:-1","max-image-preview":"max-image-preview:large","max-video-preview":"max-video-preview:-1"},"canonical":"https:\/\/catclinic.ee\/cat-clinic-pealeht\/kliinik\/","og_locale":"ru_RU","og_type":"article","og_title":"Kliinik &#8211; Esimene ainult Kassidele spetsialiseeruv veterinaariakliinik Eestis","og_description":"Teeme k\u00f5ik, et tagada Teie lemmikute heaolu. Meil on tipp klassi protseduuriruumid ja tehnika. Teostame tervisekontrolle ja keerulisi operatsioone.","og_url":"https:\/\/catclinic.ee\/cat-clinic-pealeht\/kliinik\/","og_site_name":"Loomakliinik Tallinnas","article_modified_time":"2019-12-02T14:14:13+00:00","og_image":[{"url":"http:\/\/catclinic.ee\/wp-content\/uploads\/2019\/10\/1.jpg","type":"","width":"","height":""}],"twitter_card":"summary_large_image","twitter_misc":{"\u041f\u0440\u0438\u043c\u0435\u0440\u043d\u043e\u0435 \u0432\u0440\u0435\u043c\u044f \u0434\u043b\u044f \u0447\u0442\u0435\u043d\u0438\u044f":"1 \u043c\u0438\u043d\u0443\u0442\u0430"},"schema":{"@context":"https:\/\/schema.org","@graph":[{"@type":"WebPage","@id":"https:\/\/catclinic.ee\/cat-clinic-pealeht\/kliinik\/","url":"https:\/\/catclinic.ee\/cat-clinic-pealeht\/kliinik\/","name":"Kliinik &#8211; Esimene ainult Kassidele spetsialiseeruv veterinaariakliinik Eestis","isPartOf":{"@id":"https:\/\/catclinic.ee\/#website"},"primaryImageOfPage":{"@id":"https:\/\/catclinic.ee\/cat-clinic-pealeht\/kliinik\/#primaryimage"},"image":{"@id":"https:\/\/catclinic.ee\/cat-clinic-pealeht\/kliinik\/#primaryimage"},"thumbnailUrl":"http:\/\/catclinic.ee\/wp-content\/uploads\/2019\/10\/1.jpg","datePublished":"2019-09-29T12:18:31+00:00","dateModified":"2019-12-02T14:14:13+00:00","description":"Teeme k\u00f5ik, et tagada Teie lemmikute heaolu. Meil on tipp klassi protseduuriruumid ja tehnika. Teostame tervisekontrolle ja keerulisi operatsioone.","breadcrumb":{"@id":"https:\/\/catclinic.ee\/cat-clinic-pealeht\/kliinik\/#breadcrumb"},"inLanguage":"ru-RU","potentialAction":[{"@type":"ReadAction","target":["https:\/\/catclinic.ee\/cat-clinic-pealeht\/kliinik\/"]}]},{"@type":"ImageObject","inLanguage":"ru-RU","@id":"https:\/\/catclinic.ee\/cat-clinic-pealeht\/kliinik\/#primaryimage","url":"http:\/\/catclinic.ee\/wp-content\/uploads\/2019\/10\/1.jpg","contentUrl":"http:\/\/catclinic.ee\/wp-content\/uploads\/2019\/10\/1.jpg"},{"@type":"BreadcrumbList","@id":"https:\/\/catclinic.ee\/cat-clinic-pealeht\/kliinik\/#breadcrumb","itemListElement":[{"@type":"ListItem","position":1,"name":"Home","item":"https:\/\/catclinic.ee\/"},{"@type":"ListItem","position":2,"name":"Pealeht","item":"https:\/\/catclinic.ee\/"},{"@type":"ListItem","position":3,"name":"Kliinikust"}]},{"@type":"WebSite","@id":"https:\/\/catclinic.ee\/#website","url":"https:\/\/catclinic.ee\/","name":"Loomakliinik Tallinnas","description":"Kassikliinik","potentialAction":[{"@type":"SearchAction","target":{"@type":"EntryPoint","urlTemplate":"https:\/\/catclinic.ee\/?s={search_term_string}"},"query-input":{"@type":"PropertyValueSpecification","valueRequired":true,"valueName":"search_term_string"}}],"inLanguage":"ru-RU"}]}},"jetpack_sharing_enabled":true,"_links":{"self":[{"href":"https:\/\/www.catclinic.ee\/ru\/wp-json\/wp\/v2\/pages\/2","targetHints":{"allow":["GET"]}}],"collection":[{"href":"https:\/\/www.catclinic.ee\/ru\/wp-json\/wp\/v2\/pages"}],"about":[{"href":"https:\/\/www.catclinic.ee\/ru\/wp-json\/wp\/v2\/types\/page"}],"author":[{"embeddable":true,"href":"https:\/\/www.catclinic.ee\/ru\/wp-json\/wp\/v2\/users\/1"}],"replies":[{"embeddable":true,"href":"https:\/\/www.catclinic.ee\/ru\/wp-json\/wp\/v2\/comments?post=2"}],"version-history":[{"count":5,"href":"https:\/\/www.catclinic.ee\/ru\/wp-json\/wp\/v2\/pages\/2\/revisions"}],"predecessor-version":[{"id":336,"href":"https:\/\/www.catclinic.ee\/ru\/wp-json\/wp\/v2\/pages\/2\/revisions\/336"}],"up":[{"embeddable":true,"href":"https:\/\/www.catclinic.ee\/ru\/wp-json\/wp\/v2\/pages\/19"}],"wp:attachment":[{"href":"https:\/\/www.catclinic.ee\/ru\/wp-json\/wp\/v2\/media?parent=2"}],"curies":[{"name":"wp","href":"https:\/\/api.w.org\/{rel}","templated":true}]}}